{"id":10084,"date":"2019-02-07T12:12:05","date_gmt":"2019-02-07T12:12:05","guid":{"rendered":"https:\/\/nudanza.hr\/?page_id=10084"},"modified":"2019-02-15T10:59:24","modified_gmt":"2019-02-15T10:59:24","slug":"home-page","status":"publish","type":"page","link":"https:\/\/nudanza.hr\/sl\/","title":{"rendered":"Home Page"},"content":{"rendered":"<div class=\"wpb-content-wrapper\"><p>[vc_row full_width=&#8221;stretch_row&#8221; equal_height=&#8221;yes&#8221; css_animation=&#8221;fadeInUp&#8221; css=&#8221;.vc_custom_1543055105417{background-color: #e9eef2 !important;}&#8221; addstyles=&#8221;overflow: visible;&#8221;][vc_column width=&#8221;1\/2&#8243; css=&#8221;.vc_custom_1542612678054{padding-top: 90px !important;}&#8221; el_class=&#8221;vcr_res-align-sec2&#8243;]<div class=\"ult-animation  ult-animate-viewport  ult-no-mobile \" data-animate=\"zoomInDown\" data-animation-delay=\"1.1\" data-animation-duration=\"1\" data-animation-iteration=\"1\" style=\"opacity:0;\" data-opacity_start_effect=\"\">[vc_single_image image=&#8221;9273&#8243; img_size=&#8221;full&#8221; el_class=&#8221;vc_img-with-border&#8221;]<\/div>[\/vc_column][vc_column width=&#8221;1\/2&#8243; css=&#8221;.vc_custom_1542610785228{padding-top: 130px !important;padding-bottom: 120px !important;}&#8221; el_class=&#8221;vcr_res-align-sec1&#8243;]<div class=\"ult-animation  ult-animate-viewport  ult-no-mobile \" data-animate=\"fadeInLeft\" data-animation-delay=\"0.8\" data-animation-duration=\"1\" data-animation-iteration=\"1\" style=\"opacity:0;\" data-opacity_start_effect=\"\"><div class='dt-sc-title with-two-border with-sub-title default'><h2>Ples zunaj okvirjev<\/h2><h3>NuDanza<\/h3><\/div><blockquote class='type2 ' ><q>Za\u010duti ritem, zapri o\u010di in zaple\u0161i!\nTam nekje ritem daje bobnar vesolja\u00a0 &#8211; samo sledi njegovemu ritmu.<\/q><\/blockquote><\/div><div class=\"ult-animation potpis ult-animate-viewport  ult-no-mobile \" data-animate=\"bounceInUp\" data-animation-delay=\"1.4\" data-animation-duration=\"1\" data-animation-iteration=\"1\" style=\"opacity:0;\" data-opacity_start_effect=\"\">[vc_custom_heading text=&#8221;- Adrian P. Kezele&#8221; use_theme_fonts=&#8221;yes&#8221; el_class=&#8221;vc_sign-txt&#8221; link=&#8221;url:http%3A%2F%2Fadriankezele.com||target:%20_blank|&#8221;]<\/div>[\/vc_column][\/vc_row][vc_row][vc_column width=&#8221;1\/2&#8243;][\/vc_column][vc_column width=&#8221;1\/2&#8243;]<div class=\"ult-animation  ult-animate-viewport  ult-no-mobile \" data-animate=\"fadeInLeft\" data-animation-delay=\"0.8\" data-animation-duration=\"1\" data-animation-iteration=\"1\" style=\"opacity:0;\" data-opacity_start_effect=\"\"><a href=\"http:\/\/adriankezele.com\" title=\"\" target=\"_blank\"><img loading=\"lazy\" decoding=\"async\" width=\"275\" height=\"151\" src=\"https:\/\/nudanza.hr\/wp-content\/uploads\/2018\/12\/Adrian-potpis-e1544602714813.png\" class=\"alignleft attachment-full\" alt=\"\" title=\"Adrian-potpis\" \/><\/a><\/div>[\/vc_column][\/vc_row][vc_row][vc_column]<div class=\"ult-spacer spacer-69e4cf1889988\" data-id=\"69e4cf1889988\" data-height=\"20\" data-height-mobile=\"6\" data-height-tab=\"\" data-height-tab-portrait=\"\" data-height-mobile-landscape=\"6\" style=\"clear:both;display:block;\"><\/div>[\/vc_column][\/vc_row][vc_row full_width=&#8221;stretch_row&#8221; css_animation=&#8221;fadeInUp&#8221; bg_type=&#8221;image&#8221; parallax_style=&#8221;vcpb-default&#8221; bg_image_new=&#8221;id^9304|url^https:\/\/nudanza.hr\/wp-content\/uploads\/2018\/11\/background-vatra.png|caption^null|alt^null|title^background-vatra|description^null&#8221; bg_image_repeat=&#8221;no-repeat&#8221; bg_image_size=&#8221;initial&#8221; bg_image_posiiton=&#8221;center right&#8221; el_class=&#8221;vatra-bg&#8221; css=&#8221;.vc_custom_1543056638579{padding-top: 120px !important;padding-bottom: 60px !important;}&#8221;][vc_column width=&#8221;1\/3&#8243; el_class=&#8221;dt-sc-outer-frame-border dt-sc-skin-highlight-border&#8221;]<div class=\"ult-animation  ult-animate-viewport  ult-no-mobile \" data-animate=\"bounceInDown\" data-animation-delay=\"0.8\" data-animation-duration=\"1\" data-animation-iteration=\"1\" style=\"opacity:0;\" data-opacity_start_effect=\"\">[vc_custom_heading text=&#8221;Vrnitev modrosti telesa, spontanost gibanja, ritem vdiha in izdiha\u2026&#8221; font_container=&#8221;tag:h3|font_size:16|text_align:left|line_height:28px&#8221; google_fonts=&#8221;font_family:Roboto%20Condensed%3A300%2C300italic%2Cregular%2Citalic%2C700%2C700italic|font_style:300%20light%20regular%3A300%3Anormal&#8221; el_class=&#8221;vcr_heading-right dt-sc-subtitle-text&#8221; css=&#8221;.vc_custom_1547592501903{margin-bottom: 5px !important;}&#8221;][vc_custom_heading text=&#8221;NUDANZA STARTER&#8221; font_container=&#8221;tag:h2|font_size:30|text_align:left|color:%23dd3333|line_height:40px&#8221; google_fonts=&#8221;font_family:Roboto%20Condensed%3A300%2C300italic%2Cregular%2Citalic%2C700%2C700italic|font_style:700%20bold%20regular%3A700%3Anormal&#8221; el_class=&#8221;ljubicasto&#8221; link=&#8221;url:https%3A%2F%2Fnudanza.hr%2Fstarter%2F|||&#8221;]<div class=\"ult-spacer spacer-69e4cf1889a64\" data-id=\"69e4cf1889a64\" data-height=\"15\" data-height-mobile=\"15\" data-height-tab=\"15\" data-height-tab-portrait=\"\" data-height-mobile-landscape=\"\" style=\"clear:both;display:block;\"><\/div>[vc_column_text]<\/p>\n<p>Telo ve, \u010detudi je um pozabil. En konec tedna za spremembo; en konec tedna za izstop.<\/p>\n<p>[\/vc_column_text]<div class=\"ult-spacer spacer-69e4cf1889a98\" data-id=\"69e4cf1889a98\" data-height=\"80\" data-height-mobile=\"80\" data-height-tab=\"80\" data-height-tab-portrait=\"\" data-height-mobile-landscape=\"\" style=\"clear:both;display:block;\"><\/div><\/div>[\/vc_column][vc_column width=&#8221;2\/3&#8243; css=&#8221;.vc_custom_1499947758875{padding-left: 50px !important;}&#8221;]<div class=\"ult-spacer spacer-69e4cf1889ad7\" data-id=\"69e4cf1889ad7\" data-height=\"65\" data-height-mobile=\"65\" data-height-tab=\"65\" data-height-tab-portrait=\"\" data-height-mobile-landscape=\"\" style=\"clear:both;display:block;\"><\/div><div class=\"ult-animation  ult-animate-viewport  ult-no-mobile \" data-animate=\"flipInX\" data-animation-delay=\"1.1\" data-animation-duration=\"1\" data-animation-iteration=\"1\" style=\"opacity:0;\" data-opacity_start_effect=\"\">[vc_column_text css=&#8221;.vc_custom_1547592880821{padding-right: 20px !important;}&#8221;]<\/p>\n<p>Globoko v tebi narava ple\u0161e sveti ples elementov.<br \/>\nPozna\u0161 njihov ritem? Prepozna\u0161 njihove oblike, okus in barvo? Sli\u0161i\u0161 njihov zvok?<\/p>\n<p>[\/vc_column_text]<div class=\"ult-spacer spacer-69e4cf1889b83\" data-id=\"69e4cf1889b83\" data-height=\"5\" data-height-mobile=\"5\" data-height-tab=\"5\" data-height-tab-portrait=\"\" data-height-mobile-landscape=\"\" style=\"clear:both;display:block;\"><\/div><ul class='dt-sc-fancy-list  long-arrow arrow'>\n<li>Zemlja: mo\u010d, zanesljivost, potrpe\u017eljivost<\/li>\n<li>Voda: ljubezen, povezanost, intuicija, za\u0161\u010dita<\/li>\n<li>Ogenj:\u00a0odlo\u010dnost, ambicija, strast<\/li>\n<li>Zrak:\u00a0radost, svoboda, domi\u0161ljija, komunikacija<\/li>\n<\/ul><\/div><div class=\"ult-spacer spacer-69e4cf1889c1b\" data-id=\"69e4cf1889c1b\" data-height=\"15\" data-height-mobile=\"15\" data-height-tab=\"15\" data-height-tab-portrait=\"\" data-height-mobile-landscape=\"\" style=\"clear:both;display:block;\"><\/div>[\/vc_column][\/vc_row][vc_row full_width=&#8221;stretch_row&#8221; css_animation=&#8221;fadeInUp&#8221; bg_type=&#8221;image&#8221; parallax_style=&#8221;vcpb-vz-jquery&#8221; bg_image_new=&#8221;id^9770|url^https:\/\/nudanza.hr\/wp-content\/uploads\/2018\/12\/home-bottom-bg.jpg|caption^null|alt^null|title^home-bottom-bg|description^null&#8221; bg_image_repeat=&#8221;repeat-y&#8221; el_class=&#8221;dt-sc-secondary-skin&#8221; css=&#8221;.vc_custom_1544871258538{padding-top: 100px !important;padding-bottom: 100px !important;}&#8221;][vc_column el_class=&#8221;dt-sc-dark-bg&#8221;]<div class=\"ult-animation  ult-animate-viewport  ult-no-mobile \" data-animate=\"bounceIn\" data-animation-delay=\"0.8\" data-animation-duration=\"1\" data-animation-iteration=\"1\" style=\"opacity:0;\" data-opacity_start_effect=\"\"><div class='dt-sc-title with-two-border with-sub-title aligncenter'><h2>Globoka preobrazba duha in telesa<\/h2><h3>NUDANZA DEEPNESS<\/h3><\/div>[vc_custom_heading text=&#8221;\u017deli\u0161 \u0161e, ve\u010d, globlje in trajno. Potrebuje\u0161 odmik, prostor in \u010das.&#8221; font_container=&#8221;tag:h2|font_size:40|text_align:center&#8221; google_fonts=&#8221;font_family:Roboto%20Condensed%3A300%2C300italic%2Cregular%2Citalic%2C700%2C700italic|font_style:300%20light%20regular%3A300%3Anormal&#8221; el_class=&#8221;custom-heading-small&#8221; link=&#8221;url:https%3A%2F%2Fnudanza.hr%2Fdeepness%2F|||&#8221;][vc_custom_heading text=&#8221;\u017deli\u0161 ve\u010ddnevno izku\u0161njo plesne ekstaze.&#8221; font_container=&#8221;tag:h2|font_size:40|text_align:center&#8221; google_fonts=&#8221;font_family:Roboto%20Condensed%3A300%2C300italic%2Cregular%2Citalic%2C700%2C700italic|font_style:300%20light%20regular%3A300%3Anormal&#8221; el_class=&#8221;custom-heading-small&#8221; link=&#8221;url:https%3A%2F%2Fnudanza.hr%2Fdeepness%2F|||&#8221;]<\/div>[\/vc_column][\/vc_row][vc_row][vc_column]<div class=\"ult-spacer spacer-69e4cf1889cef\" data-id=\"69e4cf1889cef\" data-height=\"40\" data-height-mobile=\"40\" data-height-tab=\"40\" data-height-tab-portrait=\"\" data-height-mobile-landscape=\"\" style=\"clear:both;display:block;\"><\/div>[\/vc_column][\/vc_row][vc_row full_width=&#8221;stretch_row&#8221; content_placement=&#8221;middle&#8221; css_animation=&#8221;fadeInUp&#8221; bg_type=&#8221;image&#8221; parallax_style=&#8221;vcpb-vz-jquery&#8221; bg_image_new=&#8221;id^9313|url^https:\/\/nudanza.hr\/wp-content\/uploads\/2018\/11\/fotka-ispod-videa.jpg|caption^null|alt^null|title^fotka-ispod-videa|description^null&#8221; enable_overlay=&#8221;enable_overlay_value&#8221; overlay_color=&#8221;rgba(0,0,0,0.75)&#8221; css=&#8221;.vc_custom_1542353298389{padding-top: 100px !important;padding-bottom: 100px !important;}&#8221;][vc_column width=&#8221;1\/2&#8243;][vc_row_inner][vc_column_inner el_class=&#8221;image-overlay-icon&#8221;]<div class=\"ult-animation  ult-animate-viewport  ult-no-mobile \" data-animate=\"bounce\" data-animation-delay=\"0.8\" data-animation-duration=\"1\" data-animation-iteration=\"1\" style=\"opacity:0;\" data-opacity_start_effect=\"\"><img loading=\"lazy\" decoding=\"async\" width=\"620\" height=\"417\" src=\"https:\/\/nudanza.hr\/wp-content\/uploads\/2018\/11\/video-placeholder.jpg\" class=\"alignnone attachment-full\" alt=\"\" title=\"video-placeholder\" srcset=\"https:\/\/nudanza.hr\/wp-content\/uploads\/2018\/11\/video-placeholder.jpg 620w, https:\/\/nudanza.hr\/wp-content\/uploads\/2018\/11\/video-placeholder-300x202.jpg 300w\" sizes=\"auto, (max-width: 620px) 100vw, 620px\" \/><a title='' target='_blank' href='https:\/\/www.youtube.com\/watch?v=VA3N3BAIg2E&#038;rel=0&#038;autoplay=1' class='video-image'><span class='zmdi zmdi-play zmdi-hc-fw' > <\/span><\/a><\/div>[\/vc_column_inner][\/vc_row_inner][\/vc_column][vc_column width=&#8221;1\/2&#8243;]<div class=\"ult-animation  ult-animate-viewport  ult-no-mobile \" data-animate=\"fadeIn\" data-animation-delay=\"1.1\" data-animation-duration=\"1\" data-animation-iteration=\"1\" style=\"opacity:0;\" data-opacity_start_effect=\"\"><img loading=\"lazy\" decoding=\"async\" width=\"510\" height=\"106\" src=\"https:\/\/nudanza.hr\/wp-content\/uploads\/2018\/12\/nudanza-ples-bez-okvira.png\" class=\"alignnone attachment-full\" alt=\"\" title=\"nudanza-ples-bez-okvira\" srcset=\"https:\/\/nudanza.hr\/wp-content\/uploads\/2018\/12\/nudanza-ples-bez-okvira.png 510w, https:\/\/nudanza.hr\/wp-content\/uploads\/2018\/12\/nudanza-ples-bez-okvira-300x62.png 300w\" sizes=\"auto, (max-width: 510px) 100vw, 510px\" \/><\/div>[\/vc_column][\/vc_row]<\/p>\n<\/div>","protected":false},"excerpt":{"rendered":"<p>[vc_row full_width=&#8221;stretch_row&#8221; equal_height=&#8221;yes&#8221; css_animation=&#8221;fadeInUp&#8221; css=&#8221;.vc_custom_1543055105417{background-color: #e9eef2 !important;}&#8221; addstyles=&#8221;overflow: visible;&#8221;][vc_column width=&#8221;1\/2&#8243; css=&#8221;.vc_custom_1542612678054{padding-top: 90px !important;}&#8221; el_class=&#8221;vcr_res-align-sec2&#8243;][\/vc_column][vc_column width=&#8221;1\/2&#8243; css=&#8221;.vc_custom_1542610785228{padding-top: 130px !important;padding-bottom: 120px !important;}&#8221; el_class=&#8221;vcr_res-align-sec1&#8243;][\/vc_column][\/vc_row][vc_row][vc_column width=&#8221;1\/2&#8243;][\/vc_column][vc_column width=&#8221;1\/2&#8243;][\/vc_column][\/vc_row][vc_row][vc_column][\/vc_column][\/vc_row][vc_row full_width=&#8221;stretch_row&#8221; css_animation=&#8221;fadeInUp&#8221; bg_type=&#8221;image&#8221; parallax_style=&#8221;vcpb-default&#8221; bg_image_new=&#8221;id^9304|url^https:\/\/nudanza.hr\/wp-content\/uploads\/2018\/11\/background-vatra.png|caption^null|alt^null|title^background-vatra|description^null&#8221; bg_image_repeat=&#8221;no-repeat&#8221; bg_image_size=&#8221;initial&#8221; [&hellip;]<\/p>\n","protected":false},"author":4,"featured_media":0,"parent":0,"menu_order":0,"comment_status":"closed","ping_status":"closed","template":"","meta":{"footnotes":""},"class_list":["post-10084","page","type-page","status-publish","hentry"],"_links":{"self":[{"href":"https:\/\/nudanza.hr\/sl\/wp-json\/wp\/v2\/pages\/10084","targetHints":{"allow":["GET"]}}],"collection":[{"href":"https:\/\/nudanza.hr\/sl\/wp-json\/wp\/v2\/pages"}],"about":[{"href":"https:\/\/nudanza.hr\/sl\/wp-json\/wp\/v2\/types\/page"}],"author":[{"embeddable":true,"href":"https:\/\/nudanza.hr\/sl\/wp-json\/wp\/v2\/users\/4"}],"replies":[{"embeddable":true,"href":"https:\/\/nudanza.hr\/sl\/wp-json\/wp\/v2\/comments?post=10084"}],"version-history":[{"count":8,"href":"https:\/\/nudanza.hr\/sl\/wp-json\/wp\/v2\/pages\/10084\/revisions"}],"predecessor-version":[{"id":10198,"href":"https:\/\/nudanza.hr\/sl\/wp-json\/wp\/v2\/pages\/10084\/revisions\/10198"}],"wp:attachment":[{"href":"https:\/\/nudanza.hr\/sl\/wp-json\/wp\/v2\/media?parent=10084"}],"curies":[{"name":"wp","href":"https:\/\/api.w.org\/{rel}","templated":true}]}}