{"id":9821,"date":"2019-01-01T12:57:24","date_gmt":"2019-01-01T12:57:24","guid":{"rendered":"https:\/\/nudanza.hr\/?page_id=9821"},"modified":"2025-01-05T20:10:21","modified_gmt":"2025-01-05T20:10:21","slug":"nudanza-starter","status":"publish","type":"page","link":"https:\/\/nudanza.hr\/sl\/nudanza-starter\/","title":{"rendered":"NuDanza Starter"},"content":{"rendered":"<div class=\"wpb-content-wrapper\"><p>[vc_row][vc_column]<div class='dt-sc-hr-invisible-xsmall '> <\/div><div class=\"ult-animation  ult-animate-viewport  ult-no-mobile \" data-animate=\"bounce\" data-animation-delay=\"0.5\" data-animation-duration=\"1\" data-animation-iteration=\"1\" style=\"opacity:0;\" data-opacity_start_effect=\"\"><div class='dt-sc-title with-two-border with-sub-title aligncenter'><h2>Vrnitev modrosti telesa, spontanost gibanja, ritem vdiha in izdiha\u2026<\/h2><h3>NUDANZA STARTER<\/h3><\/div>[vc_row_inner][vc_column_inner width=&#8221;1\/6&#8243;][\/vc_column_inner][vc_column_inner width=&#8221;2\/3&#8243;][vc_column_text]<\/p>\n<p style=\"text-align: center;\"><span style=\"color: #333333; font-family: verdana,geneva,sans-serif; font-size: 20px;\">Globoko v tebi, narava ple\u0161e sveti ples elementov. Pozna\u0161 njihov ritem?<\/span><\/p>\n<p style=\"text-align: center;\"><span style=\"color: #333333; font-family: verdana,geneva,sans-serif; font-size: 20px;\">Prepozna\u0161 njihovo obliko, okus, barvo?\u00a0 Sli\u0161i\u0161 njihov zvok?<\/span><\/p>\n<p>[\/vc_column_text][\/vc_column_inner][vc_column_inner width=&#8221;1\/6&#8243;][\/vc_column_inner][\/vc_row_inner]<\/div><div class='dt-sc-hr-invisible-medium '> <\/div>[\/vc_column][\/vc_row][vc_row][vc_column]<ul class=\"dt-sc-vertical-nav \"><li><a href=\"#porijeklo\">Nastanek NuDanze?<\/a><\/li><li><a href=\"#stoje\">Kaj je NuDanza Starter?<\/a><\/li><li><a href=\"#gdjeikako\">Kje in kako ple\u0161emo?<\/a><\/li><li><a href=\"#izvanokvira\">Ples zunaj okvirjev<\/a><\/li><\/ul><div class='dt-sc-hr-invisible-small '> <\/div>[\/vc_column][\/vc_row][vc_row][vc_column][vc_row_inner content_placement=&#8221;middle&#8221; el_id=&#8221;porijeklo&#8221;][vc_column_inner width=&#8221;2\/3&#8243;][vc_column_text]<\/p>\n<h2 class=\"ljubicasto\">Nastanek NuDanze<\/h2>\n<p style=\"text-align: justify;\"><span style=\"color: #333333; font-family: verdana,geneva,sans-serif; font-size: 20px;\">Raziskovanje kulture Stare Evrope je Adriana P. Kezeleja, avtorja ve\u010d kot 40 knjig o duhovnosti, spodbudilo, da je zasnoval ples, temelje\u010d na naravnih na\u010delih, ki upravljajo z na\u0161im notranjim \u017eivljenjem in celotnim vesoljem.\u00a0<\/span><\/p>\n<p style=\"text-align: justify;\"><span style=\"color: #333333; font-family: times new roman,times,serif; font-size: 20px;\"><span style=\"font-family: verdana,geneva,sans-serif;\">NuDanza spreminja na\u0161 odnos do telesa, \u010disti um in \u0161iri ob\u010dutenja ter tako ustvarja novo izku\u0161njo stvarnosti. Sprememba je ne\u017ena, a intenzivna in zaobjema vse vidike<\/span> <span style=\"font-family: verdana,geneva,sans-serif;\">na\u0161ega \u017eivljenja.\u00a0<\/span><\/span><\/p>\n<p>[\/vc_column_text][\/vc_column_inner][vc_column_inner el_align=&#8221;center&#8221; width=&#8221;1\/3&#8243;]<div class=\"ult-animation  ult-animate-viewport  ult-no-mobile \" data-animate=\"fadeInDown\" data-animation-delay=\"2\" data-animation-duration=\"1\" data-animation-iteration=\"1\" style=\"opacity:0;\" data-opacity_start_effect=\"\"><div class='dt-sc-testimonial-wrapper carousel_items type2 ' data-animation='scroll'><ul class=\"dt-sc-testimonial-carousel\"><li><div class='dt-sc-testimonial type2 '><div class=\"dt-sc-testimonial-quote\"><blockquote> <q><p><span style=\"color: #808080;\">\u010ce ima\u0161 kakr\u0161nakoli vpra\u0161anja o NuDanzi, se mi oglasi. Z veseljem ti povem \u0161e kaj ve\u010d o njej in o tem, kaj ti NuDanza lahko prinese.\u00a0<\/span><\/p><\/q> <\/blockquote><\/div><div class=\"dt-sc-testimonial-author\"><\/cite><\/div><\/div><\/li><li><div class='dt-sc-testimonial type2 '><div class=\"dt-sc-testimonial-quote\"><blockquote> <q><p><span style=\"color: #808080;\">NuDanza mi je\u00a0 prinesla mo\u010d, zanesljivost, vedrino in ljubezen, o kateri sem prej lahko le sanjala. Pridru\u017ei se mi.<\/span><\/p><\/q> <\/blockquote><\/div><div class=\"dt-sc-testimonial-author\"><\/cite><\/div><\/div><\/li><\/ul><div class=\"carousel-arrows\">\t<a href=\"#\" class=\"testimonial-prev\"> <\/a>\t<a href=\"#\" class=\"testimonial-next\"> <\/a><\/div><\/div><\/div>[\/vc_column_inner][\/vc_row_inner][vc_row_inner el_id=&#8221;stoje&#8221;][vc_column_inner width=&#8221;2\/3&#8243;][vc_column_text]<\/p>\n<h2 class=\"ljubicasto\">Kaj je NuDanza Starter?<\/h2>\n<p style=\"text-align: justify;\"><span style=\"color: #333333; font-family: verdana,geneva,sans-serif; font-size: 20px;\">Na za\u010detni delavnici NuDanza Starter se boste u\u010dili, kako prepustiti telo &#8220;naravnim elementom&#8221; zemlji, vodi, ognju, zraku in kaosu. Poleg posebnih, a zelo preprostih osnovnih korakov vsakemu elementu pripada dolo\u010den na\u010din dihanja. Ples elementov na globoki telesni ravni razbija iluzijo lo\u010denosti od narave in drugih ljudi. Kot plesna metoda je NuDanza usmerjen k osvobajajo\u010dim izkustvom, ki se za\u010denja izni\u010denjem obrazcev na nivoju telesa oziroma gibanja.\u00a0<\/span><\/p>\n<p style=\"text-align: justify;\"><span style=\"color: #333333; font-family: verdana,geneva,sans-serif; font-size: x-large;\"><span style=\"font-size: 20px;\">Ko ple\u0161emo zemljo, izra\u017eamo stabilnosti, trdnost in vse druge pomene, ki jih predstavlja zemlja. Ko ple\u0161emo vodo, v sebi budimo ne\u017enost in povezanost; ples ognja nas spravi v gibanje in usmerja k delovanju. Ples zraka lahko prebudi radost, sre\u010do in ustvarjalne ideje.<\/span><\/span><\/p>\n<p style=\"text-align: justify;\"><span style=\"color: #333333; font-family: verdana,geneva,sans-serif; font-size: 20px;\">\u0160ele kot se plesalka ali plesalec nau\u010di ne\u017eno zdru\u017eiti usmeritev posameznega elementa z o\u010ditno spontanostjo in prepu\u0161\u010danju toku, je pripravljena, pripravljen na nadaljnje raziskovanje NuDanze.\u00a0<\/span><\/p>\n<p>[\/vc_column_text][\/vc_column_inner][vc_column_inner width=&#8221;1\/3&#8243;]<div class=\"ult-animation  ult-animate-viewport  ult-no-mobile \" data-animate=\"bounceInUp\" data-animation-delay=\"0.5\" data-animation-duration=\"1\" data-animation-iteration=\"1\" style=\"opacity:0;\" data-opacity_start_effect=\"\">\n<div id=\"interactive-banner-1-wrap-1966\" class=\"ult-banner-block ult-adjust-bottom-margin ult-bb-box  banner-style13 \"   style=\"\">\n\t<img decoding=\"async\" src=\"https:\/\/nudanza.hr\/wp-content\/uploads\/2018\/12\/Emina-kontakt-e1544613647856.png\" alt=\"null\">\n\t<h3  data-ultimate-target='#interactive-banner-1-wrap-1966 .bb-top-title '  data-responsive-json-new='{\"font-size\":\"\",\"line-height\":\"\"}'  class=\"title-center bb-top-title ult-responsive\" style=\"font-weight:normal;background:#8224e3;color:#ffffff;\">\u017deli\u0161 \u0161e dodatne informacije o Nudanzi?<i class=\"Defaults-bell\"  style= \"color:#ffffff;\"><\/i><\/h3>\n\t<div class=\"mask opaque-background\" style=\"background:rgba(130,36,227,0.52);\">\n\t\t<div  data-ultimate-target='#interactive-banner-1-wrap-1966 .bb-description'  data-responsive-json-new='{\"font-size\":\"\",\"line-height\":\"\"}'  class=\"bb-description ult-responsive\" style=\"font-weight:normal;color:#ffffff;\"><\/div>\n\t<\/div><a class=\"bb-link\" href=\"https:\/\/nudanza.hr\/kontakt\/\" title=\"KONTAKT\" ><\/a>\n<\/div><\/div>[\/vc_column_inner][vc_column_inner]<div class=\"ult-animation  ult-animate-viewport  ult-no-mobile \" data-animate=\"fadeInUp\" data-animation-delay=\"0.5\" data-animation-duration=\"3\" data-animation-iteration=\"1\" style=\"opacity:0;\" data-opacity_start_effect=\"\">[vc_images_carousel images=&#8221;9601,9600,9500,9499,9501&#8243; img_size=&#8221;full&#8221; speed=&#8221;3000&#8243; autoplay=&#8221;yes&#8221; wrap=&#8221;yes&#8221; css_animation=&#8221;none&#8221; css=&#8221;.vc_custom_1544560290596{padding-top: 50px !important;}&#8221;]<\/div>[\/vc_column_inner][\/vc_row_inner][vc_row_inner content_placement=&#8221;middle&#8221; el_id=&#8221;gdjeikako&#8221;][vc_column_inner width=&#8221;2\/3&#8243;][vc_column_text]<\/p>\n<h2 class=\"ljubicasto\">Kdaj in kako ple\u0161emo?<\/h2>\n<p style=\"text-align: justify;\"><span style=\"color: #000000; font-family: verdana,geneva,sans-serif; font-size: 20px;\">Za\u010detna delavnica NuDanza Starter poteka \u010dez konec tedna, in sicer v soboto od 9. do 19. in v nedeljo od 9. do 13. ure. <\/span><\/p>\n<p style=\"text-align: justify;\"><span style=\"color: #000000; font-family: verdana,geneva,sans-serif; font-size: 20px;\">Trenutno delavnice potekajo v Zagrebu in v Ljubljani, a radi bi, da bi zaplesali tudi drugi kraji.<\/span><\/p>\n<p style=\"text-align: justify;\"><span style=\"color: #000000; font-family: verdana,geneva,sans-serif; font-size: 20px;\">Za prijavo na delavnico ne potrebujete predznanja, le \u017eeljo po plesu in novih izku\u0161njah.<\/span><\/p>\n<p style=\"text-align: justify;\"><span style=\"color: #000000; font-family: verdana,geneva,sans-serif; font-size: 20px;\">Za\u010detna delavnica NuDanza Starter predstavlja temelj za nadaljnje delo, ki poteka v okviru programa NuDanza Deepness.<\/span><\/p>\n<p style=\"text-align: justify;\"><span style=\"color: #000000; font-family: verdana,geneva,sans-serif; font-size: 20px;\">Poleg tega pa se po zaklju\u010dku delavnice NuDanza Starter lahko pridru\u017eite ostalim plesalcem NuDanze na plesnemu dru\u017eenju oziroma izplesovanju. Ta potekajo enkrat mese\u010dno. Obi\u010dajno ob sobotah med 18. in 22. uro. To so prav posebna dru\u017eenja, ki prina\u0161ajo radost in energijo za nove \u017eivljenjske izzive.<\/span><\/p>\n<p>[\/vc_column_text][\/vc_column_inner][vc_column_inner width=&#8221;1\/3&#8243;]<div class=\"ult-animation  ult-animate-viewport  ult-no-mobile \" data-animate=\"bounceInUp\" data-animation-delay=\"0\" data-animation-duration=\"3\" data-animation-iteration=\"1\" style=\"opacity:0;\" data-opacity_start_effect=\"\"><blockquote class='type1  purple' ><q>NuDanza: gibanje, dihanje, zavedanje.<\/q><\/blockquote><\/div>[\/vc_column_inner][\/vc_row_inner][\/vc_column][\/vc_row][vc_row css=&#8221;.vc_custom_1544547843412{padding-bottom: 100px !important;}&#8221;][vc_column]<div class='dt-sc-testimonial-wrapper carousel_items type6 ' data-animation='scroll'><ul class=\"dt-sc-testimonial-carousel\"><li><div class='dt-sc-testimonial type6 '><div class=\"dt-sc-testimonial-author\"><span><img loading=\"lazy\" decoding=\"async\" width=\"2000\" height=\"1333\" src=\"https:\/\/nudanza.hr\/wp-content\/uploads\/2018\/11\/zemlja.jpg\" class=\"attachment-full\" alt=\"\" title=\"zemlja\" srcset=\"https:\/\/nudanza.hr\/wp-content\/uploads\/2018\/11\/zemlja.jpg 2000w, https:\/\/nudanza.hr\/wp-content\/uploads\/2018\/11\/zemlja-300x200.jpg 300w, https:\/\/nudanza.hr\/wp-content\/uploads\/2018\/11\/zemlja-768x512.jpg 768w, https:\/\/nudanza.hr\/wp-content\/uploads\/2018\/11\/zemlja-1024x682.jpg 1024w\" sizes=\"auto, (max-width: 2000px) 100vw, 2000px\" \/><\/span><cite>Zemlja<\/cite><\/div><div class=\"dt-sc-testimonial-quote\"><blockquote> <q><p><span style=\"color: #800080;\"><em><span style=\"font-size: 20px;\">Globoko diha\u0161 v ritmu, starem kot \u017eivljenje samo. Tvoje korenine so nevidne, a \u010dvrste.<\/span><\/em><\/span><span style=\"color: #800080;\"><em><span style=\"font-size: 20px;\">Trajna kot stena, iz nepreglednih globin \u010drpa\u0161 mo\u010d. <\/span><\/em><\/span><span style=\"color: #800080;\"><em><span style=\"font-size: 20px;\">Vodi\u0161 z zanesljivo roko, nudi\u0161 oporo in ob\u010dutek varnosti, ki ga ni\u010d ne more ogroziti.\u00a0<\/span><\/em><\/span><\/p><\/q> <\/blockquote><\/div><\/div><\/li><li><div class='dt-sc-testimonial type6 '><div class=\"dt-sc-testimonial-author\"><span><img loading=\"lazy\" decoding=\"async\" width=\"2000\" height=\"1333\" src=\"https:\/\/nudanza.hr\/wp-content\/uploads\/2018\/10\/9.jpg\" class=\"attachment-full\" alt=\"\" title=\"9\" srcset=\"https:\/\/nudanza.hr\/wp-content\/uploads\/2018\/10\/9.jpg 2000w, https:\/\/nudanza.hr\/wp-content\/uploads\/2018\/10\/9-300x200.jpg 300w, https:\/\/nudanza.hr\/wp-content\/uploads\/2018\/10\/9-768x512.jpg 768w, https:\/\/nudanza.hr\/wp-content\/uploads\/2018\/10\/9-1024x682.jpg 1024w\" sizes=\"auto, (max-width: 2000px) 100vw, 2000px\" \/><\/span><cite>Voda<\/cite><\/div><div class=\"dt-sc-testimonial-quote\"><blockquote> <q><p><span style=\"font-size: 20px; color: #800080;\"><em>Odpira\u0161 se, raz\u0161irja\u0161 prsi in\u00a0 vdihuje\u0161 kapljice \u017eivljenja. Kot reka te\u010de\u0161 od izvira do oceana. Kot de\u017e pada\u0161 na \u017eejne livade; kot jezero hladi\u0161 poletne dni. Srce ti je izpolnjeno z nepremagljivo mehkobo. V tvojemu objemu vse postaja mogo\u010de.<\/em><\/span><\/p><\/q> <\/blockquote><\/div><\/div><\/li><li><div class='dt-sc-testimonial type6 '><div class=\"dt-sc-testimonial-author\"><span><img loading=\"lazy\" decoding=\"async\" width=\"1229\" height=\"778\" src=\"https:\/\/nudanza.hr\/wp-content\/uploads\/2018\/12\/78-4-novi-proporc.jpg\" class=\"attachment-full\" alt=\"\" title=\"78-4-novi proporc\" srcset=\"https:\/\/nudanza.hr\/wp-content\/uploads\/2018\/12\/78-4-novi-proporc.jpg 1229w, https:\/\/nudanza.hr\/wp-content\/uploads\/2018\/12\/78-4-novi-proporc-300x190.jpg 300w, https:\/\/nudanza.hr\/wp-content\/uploads\/2018\/12\/78-4-novi-proporc-768x486.jpg 768w, https:\/\/nudanza.hr\/wp-content\/uploads\/2018\/12\/78-4-novi-proporc-1024x648.jpg 1024w\" sizes=\"auto, (max-width: 1229px) 100vw, 1229px\" \/><\/span><cite>Ogenj<\/cite><\/div><div class=\"dt-sc-testimonial-quote\"><blockquote> <q><p><span style=\"color: #800080;\"><em><span style=\"font-size: 20px;\">V tvojem dahu plamen; iskra, ki nikoli ne bo ugasnila. Nih\u010de ti ne more stati na poti; nezaustavljiva si. Pu\u0161\u010dica, izstreljena iz srca strasti; me\u010d, ki re\u017ee vse, kar te je kadarkoli omejevalo. Za to si rojena, zaradi tega gori\u0161. Ple\u0161i!<\/span><\/em><\/span><\/p><\/q> <\/blockquote><\/div><\/div><\/li><li><div class='dt-sc-testimonial type6 '><div class=\"dt-sc-testimonial-author\"><span><img loading=\"lazy\" decoding=\"async\" width=\"1229\" height=\"778\" src=\"https:\/\/nudanza.hr\/wp-content\/uploads\/2018\/12\/66-3-novi-proporc.jpg\" class=\"attachment-full\" alt=\"\" title=\"66-3-novi proporc\" srcset=\"https:\/\/nudanza.hr\/wp-content\/uploads\/2018\/12\/66-3-novi-proporc.jpg 1229w, https:\/\/nudanza.hr\/wp-content\/uploads\/2018\/12\/66-3-novi-proporc-300x190.jpg 300w, https:\/\/nudanza.hr\/wp-content\/uploads\/2018\/12\/66-3-novi-proporc-768x486.jpg 768w, https:\/\/nudanza.hr\/wp-content\/uploads\/2018\/12\/66-3-novi-proporc-1024x648.jpg 1024w\" sizes=\"auto, (max-width: 1229px) 100vw, 1229px\" \/><\/span><cite>Zrak<\/cite><\/div><div class=\"dt-sc-testimonial-quote\"><blockquote> <q><p><span style=\"color: #800080;\"><em><span style=\"font-size: 20px;\">Osvobojena vsake te\u017ee, lahka kot pero, zra\u010dna in \u010dista. Ena misel in odide\u0161 v najbolj oddaljeni koti\u010dek vesolja. Druga misel in \u017ee si spet tu. Ti si sapica, a lahko postane\u0161 orkan. Ti si gibanje, toda to, kar prina\u0161a\u0161, je mir.<\/span><\/em><\/span><\/p><\/q> <\/blockquote><\/div><\/div><\/li><li><div class='dt-sc-testimonial type6 '><div class=\"dt-sc-testimonial-author\"><span><img loading=\"lazy\" decoding=\"async\" width=\"1229\" height=\"778\" src=\"https:\/\/nudanza.hr\/wp-content\/uploads\/2018\/12\/89-5-novi-proporc.jpg\" class=\"attachment-full\" alt=\"\" title=\"89-5-novi proporc\" srcset=\"https:\/\/nudanza.hr\/wp-content\/uploads\/2018\/12\/89-5-novi-proporc.jpg 1229w, https:\/\/nudanza.hr\/wp-content\/uploads\/2018\/12\/89-5-novi-proporc-300x190.jpg 300w, https:\/\/nudanza.hr\/wp-content\/uploads\/2018\/12\/89-5-novi-proporc-768x486.jpg 768w, https:\/\/nudanza.hr\/wp-content\/uploads\/2018\/12\/89-5-novi-proporc-1024x648.jpg 1024w\" sizes=\"auto, (max-width: 1229px) 100vw, 1229px\" \/><\/span><cite>Kaos<\/cite><\/div><div class=\"dt-sc-testimonial-quote\"><blockquote> <q><p><span style=\"color: #800080;\"><em><span style=\"font-size: 20px;\">Tam, na izvoru bila je ti\u0161ina. Takrat na za\u010detku, bilo je vse v enem. Pome\u0161ano, zapleteno, nerazpoznavno, divje, razuzdano, nepredvidljivo in svobodno. Ne boj se sama sebe; ne boj se svojega neukrotljivega srca.<\/span><\/em><\/span><\/p><\/q> <\/blockquote><\/div><\/div><\/li><\/ul><div class=\"carousel-arrows\">\t<a href=\"#\" class=\"testimonial-prev\"> <\/a>\t<a href=\"#\" class=\"testimonial-next\"> <\/a><\/div><\/div>[\/vc_column][\/vc_row][vc_row full_width=&#8221;stretch_row&#8221; content_placement=&#8221;middle&#8221; css_animation=&#8221;fadeInUp&#8221; bg_type=&#8221;image&#8221; parallax_style=&#8221;vcpb-vz-jquery&#8221; bg_image_new=&#8221;id^9313|url^https:\/\/nudanza.hr\/wp-content\/uploads\/2018\/11\/fotka-ispod-videa.jpg|caption^null|alt^null|title^fotka-ispod-videa|description^null&#8221; enable_overlay=&#8221;enable_overlay_value&#8221; overlay_color=&#8221;rgba(0,0,0,0.75)&#8221; css=&#8221;.vc_custom_1543582973834{padding-top: 100px !important;padding-bottom: 100px !important;}&#8221; el_id=&#8221;izvanokvira&#8221;][vc_column width=&#8221;1\/2&#8243;][vc_row_inner][vc_column_inner el_class=&#8221;image-overlay-icon&#8221;]<div class=\"ult-animation  ult-animate-viewport  ult-no-mobile \" data-animate=\"bounce\" data-animation-delay=\"0.8\" data-animation-duration=\"1\" data-animation-iteration=\"1\" style=\"opacity:0;\" data-opacity_start_effect=\"\"><img loading=\"lazy\" decoding=\"async\" width=\"620\" height=\"417\" src=\"https:\/\/nudanza.hr\/wp-content\/uploads\/2018\/11\/video-placeholder.jpg\" class=\"alignnone attachment-full\" alt=\"\" title=\"video-placeholder\" srcset=\"https:\/\/nudanza.hr\/wp-content\/uploads\/2018\/11\/video-placeholder.jpg 620w, https:\/\/nudanza.hr\/wp-content\/uploads\/2018\/11\/video-placeholder-300x202.jpg 300w\" sizes=\"auto, (max-width: 620px) 100vw, 620px\" \/><a title='' target='_blank' href='https:\/\/www.youtube.com\/watch?v=fYYBlfuZjT4&#038;rel=0&#038;autoplay=1' class='video-image'><span class='zmdi zmdi-play zmdi-hc-fw' > <\/span><\/a><\/div>[\/vc_column_inner][\/vc_row_inner][\/vc_column][vc_column width=&#8221;1\/2&#8243;]<div class=\"ult-animation  ult-animate-viewport  ult-no-mobile \" data-animate=\"fadeIn\" data-animation-delay=\"1.1\" data-animation-duration=\"1\" data-animation-iteration=\"1\" style=\"opacity:0;\" data-opacity_start_effect=\"\"><img loading=\"lazy\" decoding=\"async\" width=\"510\" height=\"106\" src=\"https:\/\/nudanza.hr\/wp-content\/uploads\/2018\/11\/nudanza-starter.png\" class=\"alignnone attachment-full\" alt=\"\" title=\"nudanza-starter\" srcset=\"https:\/\/nudanza.hr\/wp-content\/uploads\/2018\/11\/nudanza-starter.png 510w, https:\/\/nudanza.hr\/wp-content\/uploads\/2018\/11\/nudanza-starter-300x62.png 300w\" sizes=\"auto, (max-width: 510px) 100vw, 510px\" \/><\/div>[\/vc_column][\/vc_row]<\/p>\n<\/div>","protected":false},"excerpt":{"rendered":"<p>[vc_row][vc_column][\/vc_column][\/vc_row][vc_row][vc_column][\/vc_column][\/vc_row][vc_row][vc_column][vc_row_inner content_placement=&#8221;middle&#8221; el_id=&#8221;porijeklo&#8221;][vc_column_inner width=&#8221;2\/3&#8243;][vc_column_text] Nastanek NuDanze Raziskovanje kulture Stare Evrope je Adriana P. Kezeleja, avtorja ve\u010d kot 40 knjig o duhovnosti, spodbudilo, da je zasnoval ples, temelje\u010d na naravnih na\u010delih, [&hellip;]<\/p>\n","protected":false},"author":2,"featured_media":0,"parent":0,"menu_order":0,"comment_status":"closed","ping_status":"closed","template":"","meta":{"footnotes":""},"class_list":["post-9821","page","type-page","status-publish","hentry"],"_links":{"self":[{"href":"https:\/\/nudanza.hr\/sl\/wp-json\/wp\/v2\/pages\/9821","targetHints":{"allow":["GET"]}}],"collection":[{"href":"https:\/\/nudanza.hr\/sl\/wp-json\/wp\/v2\/pages"}],"about":[{"href":"https:\/\/nudanza.hr\/sl\/wp-json\/wp\/v2\/types\/page"}],"author":[{"embeddable":true,"href":"https:\/\/nudanza.hr\/sl\/wp-json\/wp\/v2\/users\/2"}],"replies":[{"embeddable":true,"href":"https:\/\/nudanza.hr\/sl\/wp-json\/wp\/v2\/comments?post=9821"}],"version-history":[{"count":31,"href":"https:\/\/nudanza.hr\/sl\/wp-json\/wp\/v2\/pages\/9821\/revisions"}],"predecessor-version":[{"id":10566,"href":"https:\/\/nudanza.hr\/sl\/wp-json\/wp\/v2\/pages\/9821\/revisions\/10566"}],"wp:attachment":[{"href":"https:\/\/nudanza.hr\/sl\/wp-json\/wp\/v2\/media?parent=9821"}],"curies":[{"name":"wp","href":"https:\/\/api.w.org\/{rel}","templated":true}]}}